{"id":24,"date":"2016-06-19T23:43:28","date_gmt":"2016-06-19T21:43:28","guid":{"rendered":"http:\/\/vinkocken.se\/?p=24"},"modified":"2025-08-23T07:15:07","modified_gmt":"2025-08-23T05:15:07","slug":"kontakta-oss-med-dina-onskemal","status":"publish","type":"page","link":"https:\/\/www.vinkocken.se\/index.php\/kontakta-oss-med-dina-onskemal\/","title":{"rendered":"Kontakta oss med dina \u00f6nskem\u00e5l"},"content":{"rendered":"<p>Vi skr\u00e4ddarsyr menyn utefter era\u00a0\u00f6nskem\u00e5l och behov. Allt fr\u00e5n matbuff\u00e9 till bakverk och sm\u00f6rg\u00e5sar. H\u00f6r av er\u00a0till oss s\u00e5 best\u00e4mmer vi gemensamt vad som \u00e4r viktigt f\u00f6r just er.<\/p>\n<p><script type=\"text\/javascript\">var ajaxurl = 'http:\/\/vinkocken.se\/wp-admin\/admin-ajax.php';<\/script><\/p>\n<h3 class=\"widgettitle widget-title\">Kontakta oss<\/h3>\n<p>gerdkling@gmail.com<\/p>\n","protected":false},"excerpt":{"rendered":"<p>Vi skr\u00e4ddarsyr menyn utefter era\u00a0\u00f6nskem\u00e5l och behov. Allt fr\u00e5n matbuff\u00e9 till bakverk och sm\u00f6rg\u00e5sar. H\u00f6r av er\u00a0till oss s\u00e5 best\u00e4mmer vi gemensamt vad som \u00e4r viktigt f\u00f6r just er. Kontakta oss gerdkling@gmail.com<\/p>\n","protected":false},"author":1,"featured_media":264,"parent":0,"menu_order":0,"comment_status":"closed","ping_status":"closed","template":"","meta":{"footnotes":""},"class_list":["post-24","page","type-page","status-publish","has-post-thumbnail","hentry"],"_links":{"self":[{"href":"https:\/\/www.vinkocken.se\/index.php\/wp-json\/wp\/v2\/pages\/24"}],"collection":[{"href":"https:\/\/www.vinkocken.se\/index.php\/wp-json\/wp\/v2\/pages"}],"about":[{"href":"https:\/\/www.vinkocken.se\/index.php\/wp-json\/wp\/v2\/types\/page"}],"author":[{"embeddable":true,"href":"https:\/\/www.vinkocken.se\/index.php\/wp-json\/wp\/v2\/users\/1"}],"replies":[{"embeddable":true,"href":"https:\/\/www.vinkocken.se\/index.php\/wp-json\/wp\/v2\/comments?post=24"}],"version-history":[{"count":8,"href":"https:\/\/www.vinkocken.se\/index.php\/wp-json\/wp\/v2\/pages\/24\/revisions"}],"predecessor-version":[{"id":738,"href":"https:\/\/www.vinkocken.se\/index.php\/wp-json\/wp\/v2\/pages\/24\/revisions\/738"}],"wp:featuredmedia":[{"embeddable":true,"href":"https:\/\/www.vinkocken.se\/index.php\/wp-json\/wp\/v2\/media\/264"}],"wp:attachment":[{"href":"https:\/\/www.vinkocken.se\/index.php\/wp-json\/wp\/v2\/media?parent=24"}],"curies":[{"name":"wp","href":"https:\/\/api.w.org\/{rel}","templated":true}]}}