{"id":95,"date":"2016-06-21T04:25:49","date_gmt":"2016-06-21T02:25:49","guid":{"rendered":"http:\/\/vinkocken.se\/?page_id=95"},"modified":"2016-07-20T12:41:35","modified_gmt":"2016-07-20T10:41:35","slug":"italiensk-buffe","status":"publish","type":"page","link":"https:\/\/www.vinkocken.se\/index.php\/catering-2\/italiensk-buffe\/","title":{"rendered":"Delikatessbricka\/chark"},"content":{"rendered":"<p>Ibland beh\u00f6vs inte mycket mer \u00e4n en riktigt genomt\u00e4nkt ost- och charkbricka samt ett gott vin att dricka till. Lyxa till tjejmiddagen, fotbollskv\u00e4llen, afterwork eller f\u00f6delsedagsfirandet i&nbsp;sann italiensk anda. Vi reser regelbundet till Italien och Spanien f\u00f6r att inh\u00e4mta ny mat och vininspiration f\u00f6r&nbsp;att vi ska kunna skapa b\u00e4sta m\u00f6jliga blandning och smakupplevelse vid leverans av v\u00e5ra delikatessbrickor.&nbsp;<\/p>\n<p><img loading=\"lazy\" decoding=\"async\" src=\"http:\/\/vinkocken.se\/wp-content\/uploads\/2016\/06\/salami.jpg\" width=\"629\" height=\"472\" srcset=\"http:\/\/vinkocken.se\/wp-content\/uploads\/2016\/06\/salami.jpg 629w, http:\/\/vinkocken.se\/wp-content\/uploads\/2016\/06\/salami-300x225.jpg 300w, http:\/\/vinkocken.se\/wp-content\/uploads\/2016\/06\/salami-400x300.jpg 400w\" class=\"so-widget-image\"><br \/>\n<script type=\"text\/javascript\">var ajaxurl = 'http:\/\/vinkocken.se\/wp-admin\/admin-ajax.php';<\/script><\/p>\n<h3 class=\"widgettitle widget-title\">Skicka din f\u00f6rfr\u00e5gan om Italiensk charkuteribricka <\/h3>\n<p><script>\nvar smartFormsCurrentTime=new Date(\".date('D M d Y H:i:s O').\");\nvar smartFormsPath=\"http:\/\/vinkocken.se\/wp-content\/plugins\/smart-forms\/\";\nvar smartDonationsRootPath=\"\";\nvar smartDonationsSandbox=\"\";\nvar smartFormsDesignMode=false;\nif(!window.smartFormsItemsToLoad)\nwindow.smartFormsItemsToLoad=[];\nwindow.smartFormsItemsToLoad.push({'form_id':1, 'elements':[{\"ClassName\":\"rednaotextinput\",\"IsRequired\":\"y\",\"Formulas\":{},\"Styles\":{},\"Id\":\"rnField1\",\"Spacing\":\"col-sm-12\",\"Label\":\"Namn\",\"Placeholder\":\"\",\"Value\":\"\",\"ReadOnly\":\"n\",\"Width\":\"\",\"Icon\":{\"ClassName\":\"\"},\"CustomCSS\":\"\",\"Placeholder_Icon\":{\"ClassName\":\"\",\"Orientation\":\"\"}},{\"ClassName\":\"rednaoemail\",\"IsRequired\":\"y\",\"Formulas\":{},\"Styles\":{},\"Id\":\"rnField2\",\"Spacing\":\"col-sm-12\",\"Label\":\"Email\",\"Placeholder\":\"\",\"Icon\":{\"ClassName\":\"\"},\"CustomCSS\":\"\",\"Placeholder_Icon\":{\"ClassName\":\"\",\"Orientation\":\"\"}},{\"ClassName\":\"rednaotextinput\",\"IsRequired\":\"y\",\"Formulas\":{},\"Styles\":{},\"Id\":\"rnField11\",\"Spacing\":\"col-sm-12\",\"Label\":\"Telefon\",\"Placeholder\":\"\",\"Value\":\"\",\"ReadOnly\":\"n\",\"Width\":\"\",\"Icon\":{\"ClassName\":\"\"},\"CustomCSS\":\"\",\"Placeholder_Icon\":{\"ClassName\":\"\",\"Orientation\":\"\"}},{\"ClassName\":\"rednaotextinput\",\"IsRequired\":\"y\",\"Formulas\":{},\"Styles\":{},\"Id\":\"rnField5\",\"Spacing\":\"col-sm-12\",\"Label\":\"Tillst\u00e4llningens datum\",\"Placeholder\":\"\",\"Value\":\"\",\"ReadOnly\":\"n\",\"Width\":\"\",\"Icon\":{\"ClassName\":\"\"},\"CustomCSS\":\"\",\"Placeholder_Icon\":{\"ClassName\":\"\",\"Orientation\":\"\"}},{\"ClassName\":\"rednaotextinput\",\"IsRequired\":\"y\",\"Formulas\":{},\"Styles\":{},\"Id\":\"rnField6\",\"Spacing\":\"col-sm-12\",\"Label\":\"Antal g\u00e4ster\",\"Placeholder\":\"\",\"Value\":\"\",\"ReadOnly\":\"n\",\"Width\":\"\",\"Icon\":{\"ClassName\":\"\"},\"CustomCSS\":\"\",\"Placeholder_Icon\":{\"ClassName\":\"\",\"Orientation\":\"\"}},{\"ClassName\":\"rednaoselectbasic\",\"IsRequired\":\"y\",\"Formulas\":{},\"Styles\":{},\"Id\":\"rnField4\",\"Spacing\":\"col-sm-12\",\"Label\":\"Typ av arrangemang\",\"DefaultText\":\"V\u00e4lj typ av arrangemang\",\"Options\":[{\"label\":\"F\u00f6delsedagar & Barnkalas\",\"value\":\"0\",\"sel\":\"n\"},{\"label\":\"F\u00f6retag\",\"value\":\"0\",\"sel\":\"n\"},{\"label\":\"Delikatessbricka\/charkuterier\",\"value\":\"0\",\"sel\":\"n\"},{\"label\":\"Matlagningsupplevelse f\u00f6r barn & unga\",\"value\":\"0\",\"sel\":\"n\"},{\"label\":\"Studenten & Examen\",\"value\":\"0\",\"sel\":\"n\"}],\"Width\":\"\",\"CustomCSS\":\"\",\"DefaultText_Icon\":{\"ClassName\":\"\",\"Orientation\":\"\"}},{\"ClassName\":\"rednaotextarea\",\"IsRequired\":\"n\",\"Formulas\":{},\"Styles\":{},\"Id\":\"rnField10\",\"Spacing\":\"col-sm-12\",\"Label\":\"\u00d6vriga \u00f6nskem\u00e5l\",\"DefaultText\":\"\",\"Value\":\"\",\"Width\":\"\",\"Height\":\"\",\"Placeholder\":\"\",\"Disabled\":\"n\",\"MaxLength\":\"\",\"CustomCSS\":\"\",\"Placeholder_Icon\":{\"ClassName\":\"\",\"Orientation\":\"\"}},{\"ClassName\":\"rednaosubmissionbutton\",\"IsRequired\":\"n\",\"Formulas\":{},\"Styles\":{\"redNaoSubmitButton\":{\"Scope\":\"1\",\"Properties\":{\"Font-Family\":\"\\\"Verdana\\\",\\\"Geneva\\\",\\\"sans-serif\\\"\",\"background-color\":\"#F9B233\",\"Color\":\"#FFFFFF\"}}},\"Id\":\"rnField8\",\"Spacing\":\"col-sm-12\",\"ButtonText\":\"Skicka\",\"CustomCSS\":\"\",\"Icon\":{\"ClassName\":\"\"},\"Animated\":\"y\"}],'client_form_options':{\"JavascriptCode\":[],\"CSS\":\"\",\"Conditions\":[],\"UsesCaptcha\":\"n\",\"alert_message\":\"Tack f\u00f6r att du kontaktar Vinkocken.se\\nVi \u00e5terkommer inom kort.\\n\\nMed V\u00e4nlig H\u00e4lsning,\\nVinkocken\",\"alert_message_cb\":\"y\",\"DontClearForm\":\"n\",\"redirect_to\":[{\"URL\":\"\",\"RCSettings\":{\"Redirect\":\"always\",\"ConditionSettings\":[]}}],\"redirect_to_cb\":\"y\",\"Campaign\":null,\"PayPalEmail\":\"\",\"PayPalDescription\":\"\",\"PayPalCurrency\":null,\"Formulas\":{},\"InvalidInputMessage\":\"*V\u00e4nligen fyll i obligatoriska f\u00e4lt\",\"FormType\":\"nor\",\"SplitSteps\":{},\"ToolTipPosition\":\"right\",\"Extensions\":{}},'container':'formContainer526936246'});\n<\/script><br \/>\n<img loading=\"lazy\" decoding=\"async\" src=\"http:\/\/vinkocken.se\/wp-content\/uploads\/2016\/06\/Banner.png\" width=\"765\" height=\"90\" srcset=\"http:\/\/vinkocken.se\/wp-content\/uploads\/2016\/06\/Banner.png 765w, http:\/\/vinkocken.se\/wp-content\/uploads\/2016\/06\/Banner-300x35.png 300w, http:\/\/vinkocken.se\/wp-content\/uploads\/2016\/06\/Banner-600x71.png 600w\" class=\"so-widget-image\"><\/p>\n","protected":false},"excerpt":{"rendered":"<p>Ibland beh\u00f6vs inte mycket mer \u00e4n en riktigt genomt\u00e4nkt ost- och charkbricka samt ett gott vin att dricka till. Lyxa till tjejmiddagen, fotbollskv\u00e4llen, afterwork eller f\u00f6delsedagsfirandet i&nbsp;sann italiensk anda. Vi reser regelbundet till Italien och Spanien f\u00f6r att inh\u00e4mta ny mat och vininspiration f\u00f6r&nbsp;att vi ska kunna skapa b\u00e4sta m\u00f6jliga blandning och smakupplevelse vid leverans&#8230; <\/p>\n<div class=\"link-more\"><a href=\"https:\/\/www.vinkocken.se\/index.php\/catering-2\/italiensk-buffe\/\">L\u00e4s mer<\/a><\/div>\n","protected":false},"author":1,"featured_media":109,"parent":22,"menu_order":30,"comment_status":"closed","ping_status":"closed","template":"","meta":{"footnotes":""},"class_list":["post-95","page","type-page","status-publish","has-post-thumbnail","hentry"],"_links":{"self":[{"href":"https:\/\/www.vinkocken.se\/index.php\/wp-json\/wp\/v2\/pages\/95"}],"collection":[{"href":"https:\/\/www.vinkocken.se\/index.php\/wp-json\/wp\/v2\/pages"}],"about":[{"href":"https:\/\/www.vinkocken.se\/index.php\/wp-json\/wp\/v2\/types\/page"}],"author":[{"embeddable":true,"href":"https:\/\/www.vinkocken.se\/index.php\/wp-json\/wp\/v2\/users\/1"}],"replies":[{"embeddable":true,"href":"https:\/\/www.vinkocken.se\/index.php\/wp-json\/wp\/v2\/comments?post=95"}],"version-history":[{"count":14,"href":"https:\/\/www.vinkocken.se\/index.php\/wp-json\/wp\/v2\/pages\/95\/revisions"}],"predecessor-version":[{"id":568,"href":"https:\/\/www.vinkocken.se\/index.php\/wp-json\/wp\/v2\/pages\/95\/revisions\/568"}],"up":[{"embeddable":true,"href":"https:\/\/www.vinkocken.se\/index.php\/wp-json\/wp\/v2\/pages\/22"}],"wp:featuredmedia":[{"embeddable":true,"href":"https:\/\/www.vinkocken.se\/index.php\/wp-json\/wp\/v2\/media\/109"}],"wp:attachment":[{"href":"https:\/\/www.vinkocken.se\/index.php\/wp-json\/wp\/v2\/media?parent=95"}],"curies":[{"name":"wp","href":"https:\/\/api.w.org\/{rel}","templated":true}]}}